{"id":382,"date":"2025-06-25T11:17:17","date_gmt":"2025-06-25T11:17:17","guid":{"rendered":"https:\/\/wgl-dsites.net\/vireon\/?page_id=382"},"modified":"2025-08-14T15:04:55","modified_gmt":"2025-08-14T15:04:55","slug":"contacts","status":"publish","type":"page","link":"https:\/\/www.mestskapoliklinikase.sk\/?page_id=382","title":{"rendered":"Kontakty"},"content":{"rendered":"\t\t<div data-elementor-type=\"wp-page\" data-elementor-id=\"382\" class=\"elementor elementor-382\">\n\t\t\t\t<div class=\"elementor-element elementor-element-2b997c6 e-flex e-con-boxed e-con e-parent\" data-id=\"2b997c6\" data-element_type=\"container\" data-e-type=\"container\">\n\t\t\t\t\t<div class=\"e-con-inner\">\n\t\t\t\t<div class=\"elementor-element elementor-element-0be54cc elementor-widget elementor-widget-heading\" data-id=\"0be54cc\" data-element_type=\"widget\" data-e-type=\"widget\" data-widget_type=\"heading.default\">\n\t\t\t\t\t<h2 class=\"elementor-heading-title elementor-size-default\">Mestsk\u00e1 poliklinika Senica, a.s.<\/h2>\t\t\t\t<\/div>\n\t\t\t\t<div class=\"elementor-element elementor-element-84bf22c elementor-widget elementor-widget-spacer\" data-id=\"84bf22c\" data-element_type=\"widget\" data-e-type=\"widget\" data-widget_type=\"spacer.default\">\n\t\t\t\t\t\t\t<div class=\"elementor-spacer\">\n\t\t\t<div class=\"elementor-spacer-inner\"><\/div>\n\t\t<\/div>\n\t\t\t\t\t\t<\/div>\n\t\t\t\t<div class=\"elementor-element elementor-element-c83b367 elementor-widget elementor-widget-spacer\" data-id=\"c83b367\" data-element_type=\"widget\" data-e-type=\"widget\" data-widget_type=\"spacer.default\">\n\t\t\t\t\t\t\t<div class=\"elementor-spacer\">\n\t\t\t<div class=\"elementor-spacer-inner\"><\/div>\n\t\t<\/div>\n\t\t\t\t\t\t<\/div>\n\t\t\t\t\t<\/div>\n\t\t\t\t<\/div>\n\t\t<div class=\"elementor-element elementor-element-d92b521 e-flex e-con-boxed e-con e-parent\" data-id=\"d92b521\" data-element_type=\"container\" data-e-type=\"container\">\n\t\t\t\t\t<div class=\"e-con-inner\">\n\t\t<div class=\"elementor-element elementor-element-1d1479d e-grid e-con-full e-con e-child\" data-id=\"1d1479d\" data-element_type=\"container\" data-e-type=\"container\">\n\t\t<div class=\"elementor-element elementor-element-4c9c3ce e-con-full e-flex e-con e-child\" data-id=\"4c9c3ce\" data-element_type=\"container\" data-e-type=\"container\">\n\t\t\t\t<div class=\"elementor-element elementor-element-730d998 elementor-widget elementor-widget-spacer\" data-id=\"730d998\" data-element_type=\"widget\" data-e-type=\"widget\" data-widget_type=\"spacer.default\">\n\t\t\t\t\t\t\t<div class=\"elementor-spacer\">\n\t\t\t<div class=\"elementor-spacer-inner\"><\/div>\n\t\t<\/div>\n\t\t\t\t\t\t<\/div>\n\t\t\t\t<div class=\"elementor-element elementor-element-23df0d0 elementor-widget-mobile__width-initial elementor-widget elementor-widget-image\" data-id=\"23df0d0\" data-element_type=\"widget\" data-e-type=\"widget\" data-widget_type=\"image.default\">\n\t\t\t\t\t\t\t\t\t\t\t\t\t\t\t<img fetchpriority=\"high\" decoding=\"async\" width=\"800\" height=\"400\" src=\"https:\/\/www.mestskapoliklinikase.sk\/wp-content\/uploads\/2025\/07\/Poliklinika-Senica.webp\" class=\"attachment-full size-full wp-image-4450\" alt=\"\" srcset=\"https:\/\/www.mestskapoliklinikase.sk\/wp-content\/uploads\/2025\/07\/Poliklinika-Senica.webp 800w, https:\/\/www.mestskapoliklinikase.sk\/wp-content\/uploads\/2025\/07\/Poliklinika-Senica-300x150.webp 300w, https:\/\/www.mestskapoliklinikase.sk\/wp-content\/uploads\/2025\/07\/Poliklinika-Senica-768x384.webp 768w, https:\/\/www.mestskapoliklinikase.sk\/wp-content\/uploads\/2025\/07\/Poliklinika-Senica-280x140.webp 280w\" sizes=\"(max-width: 800px) 100vw, 800px\" \/>\t\t\t\t\t\t\t\t\t\t\t\t\t\t\t<\/div>\n\t\t\t\t<div class=\"elementor-element elementor-element-da88a68 elementor-widget elementor-widget-spacer\" data-id=\"da88a68\" data-element_type=\"widget\" data-e-type=\"widget\" data-widget_type=\"spacer.default\">\n\t\t\t\t\t\t\t<div class=\"elementor-spacer\">\n\t\t\t<div class=\"elementor-spacer-inner\"><\/div>\n\t\t<\/div>\n\t\t\t\t\t\t<\/div>\n\t\t\t\t<\/div>\n\t\t<div class=\"elementor-element elementor-element-99dc8d8 e-con-full e-flex e-con e-child\" data-id=\"99dc8d8\" data-element_type=\"container\" data-e-type=\"container\">\n\t\t\t\t<div class=\"elementor-element elementor-element-b07bdcf elementor-widget elementor-widget-spacer\" data-id=\"b07bdcf\" data-element_type=\"widget\" data-e-type=\"widget\" data-widget_type=\"spacer.default\">\n\t\t\t\t\t\t\t<div class=\"elementor-spacer\">\n\t\t\t<div class=\"elementor-spacer-inner\"><\/div>\n\t\t<\/div>\n\t\t\t\t\t\t<\/div>\n\t\t\t\t<div class=\"elementor-element elementor-element-f8d0421 elementor-widget elementor-widget-google_maps\" data-id=\"f8d0421\" data-element_type=\"widget\" data-e-type=\"widget\" data-widget_type=\"google_maps.default\">\n\t\t\t\t\t\t\t<div class=\"elementor-custom-embed\">\n\t\t\t<iframe loading=\"lazy\"\n\t\t\t\t\tsrc=\"https:\/\/maps.google.com\/maps?q=Sotinsk%C3%A1%201588%2F1%2C%20senica%2C%20slovakia&#038;t=m&#038;z=15&#038;output=embed&#038;iwloc=near\"\n\t\t\t\t\ttitle=\"Sotinsk\u00e1 1588\/1, senica, slovakia\"\n\t\t\t\t\taria-label=\"Sotinsk\u00e1 1588\/1, senica, slovakia\"\n\t\t\t><\/iframe>\n\t\t<\/div>\n\t\t\t\t\t\t<\/div>\n\t\t\t\t<div class=\"elementor-element elementor-element-0b44fc2 elementor-widget elementor-widget-spacer\" data-id=\"0b44fc2\" data-element_type=\"widget\" data-e-type=\"widget\" data-widget_type=\"spacer.default\">\n\t\t\t\t\t\t\t<div class=\"elementor-spacer\">\n\t\t\t<div class=\"elementor-spacer-inner\"><\/div>\n\t\t<\/div>\n\t\t\t\t\t\t<\/div>\n\t\t\t\t<\/div>\n\t\t\t\t<\/div>\n\t\t\t\t\t<\/div>\n\t\t\t\t<\/div>\n\t\t<div class=\"elementor-element elementor-element-8f753e8 e-flex e-con-boxed e-con e-parent\" data-id=\"8f753e8\" data-element_type=\"container\" data-e-type=\"container\">\n\t\t\t\t\t<div class=\"e-con-inner\">\n\t\t\t\t<div class=\"elementor-element elementor-element-8c221db elementor-widget elementor-widget-spacer\" data-id=\"8c221db\" data-element_type=\"widget\" data-e-type=\"widget\" data-widget_type=\"spacer.default\">\n\t\t\t\t\t\t\t<div class=\"elementor-spacer\">\n\t\t\t<div class=\"elementor-spacer-inner\"><\/div>\n\t\t<\/div>\n\t\t\t\t\t\t<\/div>\n\t\t\t\t\t<\/div>\n\t\t\t\t<\/div>\n\t\t<div class=\"elementor-element elementor-element-bc1ee7b e-flex e-con-boxed e-con e-parent\" data-id=\"bc1ee7b\" data-element_type=\"container\" data-e-type=\"container\">\n\t\t\t\t\t<div class=\"e-con-inner\">\n\t\t\t\t<div class=\"elementor-element elementor-element-439f9f0 elementor-widget elementor-widget-spacer\" data-id=\"439f9f0\" data-element_type=\"widget\" data-e-type=\"widget\" data-widget_type=\"spacer.default\">\n\t\t\t\t\t\t\t<div class=\"elementor-spacer\">\n\t\t\t<div class=\"elementor-spacer-inner\"><\/div>\n\t\t<\/div>\n\t\t\t\t\t\t<\/div>\n\t\t\t\t<div class=\"elementor-element elementor-element-92bbde8 elementor-widget elementor-widget-heading\" data-id=\"92bbde8\" data-element_type=\"widget\" data-e-type=\"widget\" data-widget_type=\"heading.default\">\n\t\t\t\t\t<h2 class=\"elementor-heading-title elementor-size-default\">Telef\u00f3nne kontakty<\/h2>\t\t\t\t<\/div>\n\t\t\t\t<div class=\"elementor-element elementor-element-a4228ba elementor-widget elementor-widget-spacer\" data-id=\"a4228ba\" data-element_type=\"widget\" data-e-type=\"widget\" data-widget_type=\"spacer.default\">\n\t\t\t\t\t\t\t<div class=\"elementor-spacer\">\n\t\t\t<div class=\"elementor-spacer-inner\"><\/div>\n\t\t<\/div>\n\t\t\t\t\t\t<\/div>\n\t\t\t\t<div class=\"elementor-element elementor-element-f972e63 elementor-widget elementor-widget-shortcode\" data-id=\"f972e63\" data-element_type=\"widget\" data-e-type=\"widget\" data-widget_type=\"shortcode.default\">\n\t\t\t\t\t\t\t<div class=\"elementor-shortcode\"><div class=\"contact-list-simple-container contact-list-embed-69f60624b8867\" data-search-type=\"0\" data-post-id=\"382\"><div class=\"contact-list-simple-text-contact\" style=\"display: none;\">kontakt<\/div><div class=\"contact-list-simple-text-contacts\" style=\"display: none;\">kontakty<\/div><div class=\"contact-list-simple-text-found\" style=\"display: none;\">V\u00fdsledok<\/div><form method=\"get\" action=\".\/\" class=\"contact-list-ajax-form-simple\" data-elem-class=\"contact-list-embed-69f60624b8867\"><hr class=\"clear\" \/><\/form><div class=\"contact-list-simple-contacts-found\"><\/div><div class=\"contact-list-simple-nothing-found\">Ni\u010d som nena\u0161iel ( zmente podmienky)<\/div><div class=\"contact-list-simple-all-contacts-container\"><div class=\"contact-list-search\"><div class=\"contact-list-simple-list-container\"><div class=\"contact-list-simple-list\"><div class=\"contact-list-simple-list-row contact-list-simple-list-row-data\"><div class=\"contact-list-hidden-name\">u\u010dt\u00e1re\u0148 Mzdov\u00e1<\/div><div class=\"contact-list-simple-list-col contact-list-simple-list-col-name contact-list-simple-list-col-full_name\"><span>Mzdov\u00e1 u\u010dt\u00e1re\u0148<\/span><\/div><div class=\"contact-list-simple-list-col contact-list-simple-list-col-job_title\"><span><\/span><\/div><div class=\"contact-list-simple-list-col contact-list-simple-list-col-phone\"><span><a href=\"tel:0346983018\">0346983018<\/a><\/span><\/div><div class=\"contact-list-simple-list-col contact-list-simple-list-col-phone_2\"><span><\/span><\/div><div class=\"contact-list-simple-list-col contact-list-simple-list-col-phone_3\"><span><\/span><\/div><div class=\"contact-list-simple-list-col contact-list-simple-list-col-custom_field_2\"><span><div class=\"contact-list-custom-field-simple-list contact-list-custom-field-2\">Dvere \u010d.: 383<\/div><\/span><\/div><div class=\"contact-list-simple-list-col contact-list-simple-list-col-custom_url_1\"><span><\/span><\/div><div class=\"contact-list-simple-list-col contact-list-simple-list-col-category\"><span><div class=\"contact-list-simple-contact-groups\"><span>d) Administrat\u00edva<\/span><\/div><\/span><\/div><\/div><div class=\"contact-list-simple-list-row contact-list-simple-list-row-data\"><div class=\"contact-list-hidden-name\"> Odbor ekonomiky<\/div><div class=\"contact-list-simple-list-col contact-list-simple-list-col-name contact-list-simple-list-col-full_name\"><span>Odbor ekonomiky<\/span><\/div><div class=\"contact-list-simple-list-col contact-list-simple-list-col-job_title\"><span><\/span><\/div><div class=\"contact-list-simple-list-col contact-list-simple-list-col-phone\"><span><a href=\"tel:0346983014\">0346983014<\/a><\/span><\/div><div class=\"contact-list-simple-list-col contact-list-simple-list-col-phone_2\"><span><\/span><\/div><div class=\"contact-list-simple-list-col contact-list-simple-list-col-phone_3\"><span><\/span><\/div><div class=\"contact-list-simple-list-col contact-list-simple-list-col-custom_field_2\"><span><div class=\"contact-list-custom-field-simple-list contact-list-custom-field-2\">Dvere \u010d.: 380<\/div><\/span><\/div><div class=\"contact-list-simple-list-col contact-list-simple-list-col-custom_url_1\"><span><\/span><\/div><div class=\"contact-list-simple-list-col contact-list-simple-list-col-category\"><span><div class=\"contact-list-simple-contact-groups\"><span>d) Administrat\u00edva<\/span><\/div><\/span><\/div><\/div><div class=\"contact-list-simple-list-row contact-list-simple-list-row-data\"><div class=\"contact-list-hidden-name\"> Odbor prev\u00e1dzky<\/div><div class=\"contact-list-simple-list-col contact-list-simple-list-col-name contact-list-simple-list-col-full_name\"><span>Odbor prev\u00e1dzky<\/span><\/div><div class=\"contact-list-simple-list-col contact-list-simple-list-col-job_title\"><span><\/span><\/div><div class=\"contact-list-simple-list-col contact-list-simple-list-col-phone\"><span><a href=\"tel:0346983011\">0346983011<\/a><\/span><\/div><div class=\"contact-list-simple-list-col contact-list-simple-list-col-phone_2\"><span><\/span><\/div><div class=\"contact-list-simple-list-col contact-list-simple-list-col-phone_3\"><span><\/span><\/div><div class=\"contact-list-simple-list-col contact-list-simple-list-col-custom_field_2\"><span><div class=\"contact-list-custom-field-simple-list contact-list-custom-field-2\">Dvere \u010d.: 389<\/div><\/span><\/div><div class=\"contact-list-simple-list-col contact-list-simple-list-col-custom_url_1\"><span><\/span><\/div><div class=\"contact-list-simple-list-col contact-list-simple-list-col-category\"><span><div class=\"contact-list-simple-contact-groups\"><span>d) Administrat\u00edva<\/span><\/div><\/span><\/div><\/div><div class=\"contact-list-simple-list-row contact-list-simple-list-row-data\"><div class=\"contact-list-hidden-name\"> Poklad\u0148a<\/div><div class=\"contact-list-simple-list-col contact-list-simple-list-col-name contact-list-simple-list-col-full_name\"><span>Poklad\u0148a<\/span><\/div><div class=\"contact-list-simple-list-col contact-list-simple-list-col-job_title\"><span><\/span><\/div><div class=\"contact-list-simple-list-col contact-list-simple-list-col-phone\"><span><a href=\"tel:0346983025\">0346983025<\/a><\/span><\/div><div class=\"contact-list-simple-list-col contact-list-simple-list-col-phone_2\"><span><\/span><\/div><div class=\"contact-list-simple-list-col contact-list-simple-list-col-phone_3\"><span><\/span><\/div><div class=\"contact-list-simple-list-col contact-list-simple-list-col-custom_field_2\"><span><div class=\"contact-list-custom-field-simple-list contact-list-custom-field-2\">Dvere \u010d.: 303<\/div><\/span><\/div><div class=\"contact-list-simple-list-col contact-list-simple-list-col-custom_url_1\"><span><\/span><\/div><div class=\"contact-list-simple-list-col contact-list-simple-list-col-category\"><span><div class=\"contact-list-simple-contact-groups\"><span>d) Administrat\u00edva<\/span><\/div><\/span><\/div><\/div><div class=\"contact-list-simple-list-row contact-list-simple-list-row-data\"><div class=\"contact-list-hidden-name\">riadite\u013ea Sekretari\u00e1t<\/div><div class=\"contact-list-simple-list-col contact-list-simple-list-col-name contact-list-simple-list-col-full_name\"><span>Sekretari\u00e1t riadite\u013ea<\/span><\/div><div class=\"contact-list-simple-list-col contact-list-simple-list-col-job_title\"><span><\/span><\/div><div class=\"contact-list-simple-list-col contact-list-simple-list-col-phone\"><span><a href=\"tel:0346983020\">0346983020<\/a><\/span><\/div><div class=\"contact-list-simple-list-col contact-list-simple-list-col-phone_2\"><span><\/span><\/div><div class=\"contact-list-simple-list-col contact-list-simple-list-col-phone_3\"><span><\/span><\/div><div class=\"contact-list-simple-list-col contact-list-simple-list-col-custom_field_2\"><span><div class=\"contact-list-custom-field-simple-list contact-list-custom-field-2\">Dvere \u010d.: 385<\/div><\/span><\/div><div class=\"contact-list-simple-list-col contact-list-simple-list-col-custom_url_1\"><span><\/span><\/div><div class=\"contact-list-simple-list-col contact-list-simple-list-col-category\"><span><div class=\"contact-list-simple-contact-groups\"><span>d) Administrat\u00edva<\/span><\/div><\/span><\/div><\/div><div class=\"contact-list-simple-list-row contact-list-simple-list-row-data\"><div class=\"contact-list-hidden-name\"> U\u010dt\u00e1re\u0148<\/div><div class=\"contact-list-simple-list-col contact-list-simple-list-col-name contact-list-simple-list-col-full_name\"><span>U\u010dt\u00e1re\u0148<\/span><\/div><div class=\"contact-list-simple-list-col contact-list-simple-list-col-job_title\"><span><\/span><\/div><div class=\"contact-list-simple-list-col contact-list-simple-list-col-phone\"><span><a href=\"tel:0346983095\">0346983095<\/a><\/span><\/div><div class=\"contact-list-simple-list-col contact-list-simple-list-col-phone_2\"><span><\/span><\/div><div class=\"contact-list-simple-list-col contact-list-simple-list-col-phone_3\"><span><\/span><\/div><div class=\"contact-list-simple-list-col contact-list-simple-list-col-custom_field_2\"><span><div class=\"contact-list-custom-field-simple-list contact-list-custom-field-2\">Dvere \u010d.: 379<\/div><\/span><\/div><div class=\"contact-list-simple-list-col contact-list-simple-list-col-custom_url_1\"><span><\/span><\/div><div class=\"contact-list-simple-list-col contact-list-simple-list-col-category\"><span><div class=\"contact-list-simple-contact-groups\"><span>d) Administrat\u00edva<\/span><\/div><\/span><\/div><\/div><\/div><\/div><hr class=\"clear\" \/><\/div><\/div><div class=\"contact-list-simple-paginated-container contact-list-simple-ajax-results\"><div class=\"contact-list-search\"><div class=\"contact-list-simple-list-container\"><div class=\"contact-list-simple-list\"><div class=\"contact-list-simple-list-row contact-list-simple-list-row-data\"><div class=\"contact-list-hidden-name\">u\u010dt\u00e1re\u0148 Mzdov\u00e1<\/div><div class=\"contact-list-simple-list-col contact-list-simple-list-col-name contact-list-simple-list-col-full_name\"><span>Mzdov\u00e1 u\u010dt\u00e1re\u0148<\/span><\/div><div class=\"contact-list-simple-list-col contact-list-simple-list-col-job_title\"><span><\/span><\/div><div class=\"contact-list-simple-list-col contact-list-simple-list-col-phone\"><span><a href=\"tel:0346983018\">0346983018<\/a><\/span><\/div><div class=\"contact-list-simple-list-col contact-list-simple-list-col-phone_2\"><span><\/span><\/div><div class=\"contact-list-simple-list-col contact-list-simple-list-col-phone_3\"><span><\/span><\/div><div class=\"contact-list-simple-list-col contact-list-simple-list-col-custom_field_2\"><span><div class=\"contact-list-custom-field-simple-list contact-list-custom-field-2\">Dvere \u010d.: 383<\/div><\/span><\/div><div class=\"contact-list-simple-list-col contact-list-simple-list-col-custom_url_1\"><span><\/span><\/div><div class=\"contact-list-simple-list-col contact-list-simple-list-col-category\"><span><div class=\"contact-list-simple-contact-groups\"><span>d) Administrat\u00edva<\/span><\/div><\/span><\/div><\/div><div class=\"contact-list-simple-list-row contact-list-simple-list-row-data\"><div class=\"contact-list-hidden-name\"> Odbor ekonomiky<\/div><div class=\"contact-list-simple-list-col contact-list-simple-list-col-name contact-list-simple-list-col-full_name\"><span>Odbor ekonomiky<\/span><\/div><div class=\"contact-list-simple-list-col contact-list-simple-list-col-job_title\"><span><\/span><\/div><div class=\"contact-list-simple-list-col contact-list-simple-list-col-phone\"><span><a href=\"tel:0346983014\">0346983014<\/a><\/span><\/div><div class=\"contact-list-simple-list-col contact-list-simple-list-col-phone_2\"><span><\/span><\/div><div class=\"contact-list-simple-list-col contact-list-simple-list-col-phone_3\"><span><\/span><\/div><div class=\"contact-list-simple-list-col contact-list-simple-list-col-custom_field_2\"><span><div class=\"contact-list-custom-field-simple-list contact-list-custom-field-2\">Dvere \u010d.: 380<\/div><\/span><\/div><div class=\"contact-list-simple-list-col contact-list-simple-list-col-custom_url_1\"><span><\/span><\/div><div class=\"contact-list-simple-list-col contact-list-simple-list-col-category\"><span><div class=\"contact-list-simple-contact-groups\"><span>d) Administrat\u00edva<\/span><\/div><\/span><\/div><\/div><div class=\"contact-list-simple-list-row contact-list-simple-list-row-data\"><div class=\"contact-list-hidden-name\"> Odbor prev\u00e1dzky<\/div><div class=\"contact-list-simple-list-col contact-list-simple-list-col-name contact-list-simple-list-col-full_name\"><span>Odbor prev\u00e1dzky<\/span><\/div><div class=\"contact-list-simple-list-col contact-list-simple-list-col-job_title\"><span><\/span><\/div><div class=\"contact-list-simple-list-col contact-list-simple-list-col-phone\"><span><a href=\"tel:0346983011\">0346983011<\/a><\/span><\/div><div class=\"contact-list-simple-list-col contact-list-simple-list-col-phone_2\"><span><\/span><\/div><div class=\"contact-list-simple-list-col contact-list-simple-list-col-phone_3\"><span><\/span><\/div><div class=\"contact-list-simple-list-col contact-list-simple-list-col-custom_field_2\"><span><div class=\"contact-list-custom-field-simple-list contact-list-custom-field-2\">Dvere \u010d.: 389<\/div><\/span><\/div><div class=\"contact-list-simple-list-col contact-list-simple-list-col-custom_url_1\"><span><\/span><\/div><div class=\"contact-list-simple-list-col contact-list-simple-list-col-category\"><span><div class=\"contact-list-simple-contact-groups\"><span>d) Administrat\u00edva<\/span><\/div><\/span><\/div><\/div><div class=\"contact-list-simple-list-row contact-list-simple-list-row-data\"><div class=\"contact-list-hidden-name\"> Poklad\u0148a<\/div><div class=\"contact-list-simple-list-col contact-list-simple-list-col-name contact-list-simple-list-col-full_name\"><span>Poklad\u0148a<\/span><\/div><div class=\"contact-list-simple-list-col contact-list-simple-list-col-job_title\"><span><\/span><\/div><div class=\"contact-list-simple-list-col contact-list-simple-list-col-phone\"><span><a href=\"tel:0346983025\">0346983025<\/a><\/span><\/div><div class=\"contact-list-simple-list-col contact-list-simple-list-col-phone_2\"><span><\/span><\/div><div class=\"contact-list-simple-list-col contact-list-simple-list-col-phone_3\"><span><\/span><\/div><div class=\"contact-list-simple-list-col contact-list-simple-list-col-custom_field_2\"><span><div class=\"contact-list-custom-field-simple-list contact-list-custom-field-2\">Dvere \u010d.: 303<\/div><\/span><\/div><div class=\"contact-list-simple-list-col contact-list-simple-list-col-custom_url_1\"><span><\/span><\/div><div class=\"contact-list-simple-list-col contact-list-simple-list-col-category\"><span><div class=\"contact-list-simple-contact-groups\"><span>d) Administrat\u00edva<\/span><\/div><\/span><\/div><\/div><div class=\"contact-list-simple-list-row contact-list-simple-list-row-data\"><div class=\"contact-list-hidden-name\">riadite\u013ea Sekretari\u00e1t<\/div><div class=\"contact-list-simple-list-col contact-list-simple-list-col-name contact-list-simple-list-col-full_name\"><span>Sekretari\u00e1t riadite\u013ea<\/span><\/div><div class=\"contact-list-simple-list-col contact-list-simple-list-col-job_title\"><span><\/span><\/div><div class=\"contact-list-simple-list-col contact-list-simple-list-col-phone\"><span><a href=\"tel:0346983020\">0346983020<\/a><\/span><\/div><div class=\"contact-list-simple-list-col contact-list-simple-list-col-phone_2\"><span><\/span><\/div><div class=\"contact-list-simple-list-col contact-list-simple-list-col-phone_3\"><span><\/span><\/div><div class=\"contact-list-simple-list-col contact-list-simple-list-col-custom_field_2\"><span><div class=\"contact-list-custom-field-simple-list contact-list-custom-field-2\">Dvere \u010d.: 385<\/div><\/span><\/div><div class=\"contact-list-simple-list-col contact-list-simple-list-col-custom_url_1\"><span><\/span><\/div><div class=\"contact-list-simple-list-col contact-list-simple-list-col-category\"><span><div class=\"contact-list-simple-contact-groups\"><span>d) Administrat\u00edva<\/span><\/div><\/span><\/div><\/div><div class=\"contact-list-simple-list-row contact-list-simple-list-row-data\"><div class=\"contact-list-hidden-name\"> U\u010dt\u00e1re\u0148<\/div><div class=\"contact-list-simple-list-col contact-list-simple-list-col-name contact-list-simple-list-col-full_name\"><span>U\u010dt\u00e1re\u0148<\/span><\/div><div class=\"contact-list-simple-list-col contact-list-simple-list-col-job_title\"><span><\/span><\/div><div class=\"contact-list-simple-list-col contact-list-simple-list-col-phone\"><span><a href=\"tel:0346983095\">0346983095<\/a><\/span><\/div><div class=\"contact-list-simple-list-col contact-list-simple-list-col-phone_2\"><span><\/span><\/div><div class=\"contact-list-simple-list-col contact-list-simple-list-col-phone_3\"><span><\/span><\/div><div class=\"contact-list-simple-list-col contact-list-simple-list-col-custom_field_2\"><span><div class=\"contact-list-custom-field-simple-list contact-list-custom-field-2\">Dvere \u010d.: 379<\/div><\/span><\/div><div class=\"contact-list-simple-list-col contact-list-simple-list-col-custom_url_1\"><span><\/span><\/div><div class=\"contact-list-simple-list-col contact-list-simple-list-col-category\"><span><div class=\"contact-list-simple-contact-groups\"><span>d) Administrat\u00edva<\/span><\/div><\/span><\/div><\/div><\/div><\/div><hr class=\"clear\" \/><\/div><\/div><hr class=\"clear\" \/><\/div><\/div>\n\t\t\t\t\t\t<\/div>\n\t\t\t\t\t<\/div>\n\t\t\t\t<\/div>\n\t\t\t\t<\/div>\n\t\t","protected":false},"excerpt":{"rendered":"<p>&lt;&lt; Back U\u010dt\u00e1re\u0148 U\u010dt\u00e1re\u0148 Telef\u00f3n0346983095 Skupina, poschodie &#8230; d) Administrat\u00edva In\u00e9 inform\u00e1cie &#8230; Dvere \u010d.: 379 Mestsk\u00e1 poliklinika Senica, a.s. Telef\u00f3nne kontakty<\/p>\n","protected":false},"author":1,"featured_media":0,"parent":0,"menu_order":0,"comment_status":"closed","ping_status":"closed","template":"","meta":{"_monsterinsights_skip_tracking":false,"_monsterinsights_sitenote_active":false,"_monsterinsights_sitenote_note":"","_monsterinsights_sitenote_category":0,"_uf_show_specific_survey":0,"_uf_disable_surveys":false,"footnotes":""},"class_list":["post-382","page","type-page","status-publish","hentry"],"aioseo_notices":[],"_links":{"self":[{"href":"https:\/\/www.mestskapoliklinikase.sk\/index.php?rest_route=\/wp\/v2\/pages\/382","targetHints":{"allow":["GET"]}}],"collection":[{"href":"https:\/\/www.mestskapoliklinikase.sk\/index.php?rest_route=\/wp\/v2\/pages"}],"about":[{"href":"https:\/\/www.mestskapoliklinikase.sk\/index.php?rest_route=\/wp\/v2\/types\/page"}],"author":[{"embeddable":true,"href":"https:\/\/www.mestskapoliklinikase.sk\/index.php?rest_route=\/wp\/v2\/users\/1"}],"replies":[{"embeddable":true,"href":"https:\/\/www.mestskapoliklinikase.sk\/index.php?rest_route=%2Fwp%2Fv2%2Fcomments&post=382"}],"version-history":[{"count":0,"href":"https:\/\/www.mestskapoliklinikase.sk\/index.php?rest_route=\/wp\/v2\/pages\/382\/revisions"}],"wp:attachment":[{"href":"https:\/\/www.mestskapoliklinikase.sk\/index.php?rest_route=%2Fwp%2Fv2%2Fmedia&parent=382"}],"curies":[{"name":"wp","href":"https:\/\/api.w.org\/{rel}","templated":true}]}}