{"id":5136,"date":"2025-10-14T09:02:16","date_gmt":"2025-10-14T09:02:16","guid":{"rendered":"https:\/\/www.mestskapoliklinikase.sk\/?page_id=5136"},"modified":"2026-01-08T10:59:10","modified_gmt":"2026-01-08T09:59:10","slug":"objednavanie","status":"publish","type":"page","link":"https:\/\/www.mestskapoliklinikase.sk\/?page_id=5136","title":{"rendered":"Objedn\u00e1vanie"},"content":{"rendered":"\t\t<div data-elementor-type=\"wp-page\" data-elementor-id=\"5136\" class=\"elementor elementor-5136\">\n\t\t\t\t<div class=\"elementor-element elementor-element-f753e5b e-flex e-con-boxed e-con e-parent\" data-id=\"f753e5b\" data-element_type=\"container\" data-e-type=\"container\">\n\t\t\t\t\t<div class=\"e-con-inner\">\n\t\t\t\t<div class=\"elementor-element elementor-element-57c2fea elementor-widget elementor-widget-heading\" data-id=\"57c2fea\" data-element_type=\"widget\" data-e-type=\"widget\" data-widget_type=\"heading.default\">\n\t\t\t\t\t<h3 class=\"elementor-heading-title elementor-size-default\">Objedn\u00e1vanie pacientov na vy\u0161etrenia<\/h3>\t\t\t\t<\/div>\n\t\t\t\t<div class=\"elementor-element elementor-element-186ef21 elementor-widget elementor-widget-spacer\" data-id=\"186ef21\" data-element_type=\"widget\" data-e-type=\"widget\" data-widget_type=\"spacer.default\">\n\t\t\t\t\t\t\t<div class=\"elementor-spacer\">\n\t\t\t<div class=\"elementor-spacer-inner\"><\/div>\n\t\t<\/div>\n\t\t\t\t\t\t<\/div>\n\t\t\t\t\t<\/div>\n\t\t\t\t<\/div>\n\t\t<div class=\"elementor-element elementor-element-8eb458c e-flex e-con-boxed e-con e-parent\" data-id=\"8eb458c\" data-element_type=\"container\" data-e-type=\"container\" data-settings=\"{&quot;background_background&quot;:&quot;classic&quot;}\">\n\t\t\t\t\t<div class=\"e-con-inner\">\n\t\t\t\t<div class=\"elementor-element elementor-element-41155e6 elementor-widget elementor-widget-spacer\" data-id=\"41155e6\" data-element_type=\"widget\" data-e-type=\"widget\" data-widget_type=\"spacer.default\">\n\t\t\t\t\t\t\t<div class=\"elementor-spacer\">\n\t\t\t<div class=\"elementor-spacer-inner\"><\/div>\n\t\t<\/div>\n\t\t\t\t\t\t<\/div>\n\t\t<div class=\"elementor-element elementor-element-890549a e-grid e-con-full e-con e-child\" data-id=\"890549a\" data-element_type=\"container\" data-e-type=\"container\">\n\t\t\t\t<div class=\"elementor-element elementor-element-f1ed019 elementor-widget elementor-widget-text-editor\" data-id=\"f1ed019\" data-element_type=\"widget\" data-e-type=\"widget\" data-widget_type=\"text-editor.default\">\n\t\t\t\t\t\t\t\t\t<h6 style=\"text-align: center;\"><strong><span class=\"contact-list-job-title\">Ortopedick\u00e1 ambulancia<\/span><\/strong><\/h6><p style=\"text-align: center;\"><span class=\"contact-list-contact-name\">MUDr. Rahjou Saeed<\/span><\/p><p style=\"text-align: center;\"><span style=\"text-decoration: underline;\"><a href=\"https:\/\/hilbi.com\/s\/5dyN2\">Objednat na vy\u0161etrenie TU<\/a><\/span><\/p>\t\t\t\t\t\t\t\t<\/div>\n\t\t\t\t<div class=\"elementor-element elementor-element-8926fb0 elementor-widget elementor-widget-image\" data-id=\"8926fb0\" data-element_type=\"widget\" data-e-type=\"widget\" data-widget_type=\"image.default\">\n\t\t\t\t\t\t\t\t\t\t\t\t\t\t\t<img decoding=\"async\" width=\"150\" height=\"150\" src=\"https:\/\/www.mestskapoliklinikase.sk\/wp-content\/uploads\/2025\/10\/ortopedia-qr-150x150.png\" class=\"attachment-thumbnail size-thumbnail wp-image-5139\" alt=\"\" srcset=\"https:\/\/www.mestskapoliklinikase.sk\/wp-content\/uploads\/2025\/10\/ortopedia-qr-150x150.png 150w, https:\/\/www.mestskapoliklinikase.sk\/wp-content\/uploads\/2025\/10\/ortopedia-qr-300x300.png 300w, https:\/\/www.mestskapoliklinikase.sk\/wp-content\/uploads\/2025\/10\/ortopedia-qr-280x280.png 280w, https:\/\/www.mestskapoliklinikase.sk\/wp-content\/uploads\/2025\/10\/ortopedia-qr.png 320w\" sizes=\"(max-width: 150px) 100vw, 150px\" \/>\t\t\t\t\t\t\t\t\t\t\t\t\t\t\t<\/div>\n\t\t\t\t<\/div>\n\t\t\t\t<div class=\"elementor-element elementor-element-e2abeda elementor-widget elementor-widget-spacer\" data-id=\"e2abeda\" data-element_type=\"widget\" data-e-type=\"widget\" data-widget_type=\"spacer.default\">\n\t\t\t\t\t\t\t<div class=\"elementor-spacer\">\n\t\t\t<div class=\"elementor-spacer-inner\"><\/div>\n\t\t<\/div>\n\t\t\t\t\t\t<\/div>\n\t\t\t\t\t<\/div>\n\t\t\t\t<\/div>\n\t\t<div class=\"elementor-element elementor-element-6c0e1cc e-flex e-con-boxed e-con e-parent\" data-id=\"6c0e1cc\" data-element_type=\"container\" data-e-type=\"container\">\n\t\t\t\t\t<div class=\"e-con-inner\">\n\t\t\t\t<div class=\"elementor-element elementor-element-9fb129f elementor-widget elementor-widget-spacer\" data-id=\"9fb129f\" data-element_type=\"widget\" data-e-type=\"widget\" data-widget_type=\"spacer.default\">\n\t\t\t\t\t\t\t<div class=\"elementor-spacer\">\n\t\t\t<div class=\"elementor-spacer-inner\"><\/div>\n\t\t<\/div>\n\t\t\t\t\t\t<\/div>\n\t\t\t\t\t<\/div>\n\t\t\t\t<\/div>\n\t\t<div class=\"elementor-element elementor-element-fc38f76 e-flex e-con-boxed e-con e-parent\" data-id=\"fc38f76\" data-element_type=\"container\" data-e-type=\"container\" data-settings=\"{&quot;background_background&quot;:&quot;classic&quot;}\">\n\t\t\t\t\t<div class=\"e-con-inner\">\n\t\t\t\t<div class=\"elementor-element elementor-element-7d71e71 elementor-widget elementor-widget-spacer\" data-id=\"7d71e71\" data-element_type=\"widget\" data-e-type=\"widget\" data-widget_type=\"spacer.default\">\n\t\t\t\t\t\t\t<div class=\"elementor-spacer\">\n\t\t\t<div class=\"elementor-spacer-inner\"><\/div>\n\t\t<\/div>\n\t\t\t\t\t\t<\/div>\n\t\t<div class=\"elementor-element elementor-element-0e352c6 e-grid e-con-full e-con e-child\" data-id=\"0e352c6\" data-element_type=\"container\" data-e-type=\"container\">\n\t\t\t\t<div class=\"elementor-element elementor-element-7d44cd1 elementor-widget elementor-widget-text-editor\" data-id=\"7d44cd1\" data-element_type=\"widget\" data-e-type=\"widget\" data-widget_type=\"text-editor.default\">\n\t\t\t\t\t\t\t\t\t<h6 style=\"text-align: center;\"><span class=\"contact-list-job-title\"><strong>Rehabilit\u00e1cia a fyzioterapia<\/strong><\/span><\/h6><p style=\"text-align: center;\"><span class=\"contact-list-job-title\"><span class=\"contact-list-contact-name\">MUDr. Noskov\u00e1 Janette<\/span><\/span><\/p><p style=\"text-align: center;\"><span style=\"text-decoration: underline;\"><a href=\"https:\/\/hilbi.com\/s\/3MtHn\">Objednat na vy\u0161etrenie TU<\/a><\/span><\/p>\t\t\t\t\t\t\t\t<\/div>\n\t\t\t\t<div class=\"elementor-element elementor-element-b8ac859 elementor-widget elementor-widget-image\" data-id=\"b8ac859\" data-element_type=\"widget\" data-e-type=\"widget\" data-widget_type=\"image.default\">\n\t\t\t\t\t\t\t\t\t\t\t\t\t\t\t<img decoding=\"async\" width=\"150\" height=\"150\" src=\"https:\/\/www.mestskapoliklinikase.sk\/wp-content\/uploads\/2025\/10\/fblr-qr-150x150.png\" class=\"attachment-thumbnail size-thumbnail wp-image-5138\" alt=\"\" srcset=\"https:\/\/www.mestskapoliklinikase.sk\/wp-content\/uploads\/2025\/10\/fblr-qr-150x150.png 150w, https:\/\/www.mestskapoliklinikase.sk\/wp-content\/uploads\/2025\/10\/fblr-qr-300x300.webp 300w, https:\/\/www.mestskapoliklinikase.sk\/wp-content\/uploads\/2025\/10\/fblr-qr-280x280.png 280w, https:\/\/www.mestskapoliklinikase.sk\/wp-content\/uploads\/2025\/10\/fblr-qr.webp 320w\" sizes=\"(max-width: 150px) 100vw, 150px\" \/>\t\t\t\t\t\t\t\t\t\t\t\t\t\t\t<\/div>\n\t\t\t\t<\/div>\n\t\t\t\t<div class=\"elementor-element elementor-element-b7df534 elementor-widget elementor-widget-spacer\" data-id=\"b7df534\" data-element_type=\"widget\" data-e-type=\"widget\" data-widget_type=\"spacer.default\">\n\t\t\t\t\t\t\t<div class=\"elementor-spacer\">\n\t\t\t<div class=\"elementor-spacer-inner\"><\/div>\n\t\t<\/div>\n\t\t\t\t\t\t<\/div>\n\t\t\t\t\t<\/div>\n\t\t\t\t<\/div>\n\t\t<div class=\"elementor-element elementor-element-225835f e-flex e-con-boxed e-con e-parent\" data-id=\"225835f\" data-element_type=\"container\" data-e-type=\"container\">\n\t\t\t\t\t<div class=\"e-con-inner\">\n\t\t\t\t<div class=\"elementor-element elementor-element-9350076 elementor-widget elementor-widget-spacer\" data-id=\"9350076\" data-element_type=\"widget\" data-e-type=\"widget\" data-widget_type=\"spacer.default\">\n\t\t\t\t\t\t\t<div class=\"elementor-spacer\">\n\t\t\t<div class=\"elementor-spacer-inner\"><\/div>\n\t\t<\/div>\n\t\t\t\t\t\t<\/div>\n\t\t\t\t\t<\/div>\n\t\t\t\t<\/div>\n\t\t<div class=\"elementor-element elementor-element-fb60cf3 e-flex e-con-boxed e-con e-parent\" data-id=\"fb60cf3\" data-element_type=\"container\" data-e-type=\"container\" data-settings=\"{&quot;background_background&quot;:&quot;classic&quot;}\">\n\t\t\t\t\t<div class=\"e-con-inner\">\n\t\t\t\t<div class=\"elementor-element elementor-element-51f7ec3 elementor-widget elementor-widget-spacer\" data-id=\"51f7ec3\" data-element_type=\"widget\" data-e-type=\"widget\" data-widget_type=\"spacer.default\">\n\t\t\t\t\t\t\t<div class=\"elementor-spacer\">\n\t\t\t<div class=\"elementor-spacer-inner\"><\/div>\n\t\t<\/div>\n\t\t\t\t\t\t<\/div>\n\t\t<div class=\"elementor-element elementor-element-f5563eb e-grid e-con-full e-con e-child\" data-id=\"f5563eb\" data-element_type=\"container\" data-e-type=\"container\">\n\t\t\t\t<div class=\"elementor-element elementor-element-0115dd4 elementor-widget elementor-widget-text-editor\" data-id=\"0115dd4\" data-element_type=\"widget\" data-e-type=\"widget\" data-widget_type=\"text-editor.default\">\n\t\t\t\t\t\t\t\t\t<h6 style=\"text-align: center;\"><span class=\"contact-list-job-title\"><strong>Angiologick\u00e1 ambulancia<\/strong><\/span><\/h6><p style=\"text-align: center;\"><span class=\"contact-list-job-title\"><span class=\"contact-list-contact-name\">MUDr. Mikuli\u010dov\u00e1 Eva<\/span><\/span><\/p><p style=\"text-align: center;\"><span style=\"text-decoration: underline;\"><a href=\"https:\/\/hilbi.com\/s\/Qd4IU\">Objednat na vy\u0161etrenie TU<\/a><\/span><\/p>\t\t\t\t\t\t\t\t<\/div>\n\t\t\t\t<div class=\"elementor-element elementor-element-c2cd026 elementor-widget elementor-widget-image\" data-id=\"c2cd026\" data-element_type=\"widget\" data-e-type=\"widget\" data-widget_type=\"image.default\">\n\t\t\t\t\t\t\t\t\t\t\t\t\t\t\t<img decoding=\"async\" width=\"150\" height=\"150\" src=\"https:\/\/www.mestskapoliklinikase.sk\/wp-content\/uploads\/2026\/01\/Angiologia-150x150.png\" class=\"attachment-thumbnail size-thumbnail wp-image-5359\" alt=\"\" srcset=\"https:\/\/www.mestskapoliklinikase.sk\/wp-content\/uploads\/2026\/01\/Angiologia-150x150.png 150w, https:\/\/www.mestskapoliklinikase.sk\/wp-content\/uploads\/2026\/01\/Angiologia-300x300.png 300w, https:\/\/www.mestskapoliklinikase.sk\/wp-content\/uploads\/2026\/01\/Angiologia-768x768.png 768w, https:\/\/www.mestskapoliklinikase.sk\/wp-content\/uploads\/2026\/01\/Angiologia-280x280.png 280w, https:\/\/www.mestskapoliklinikase.sk\/wp-content\/uploads\/2026\/01\/Angiologia.png 832w\" sizes=\"(max-width: 150px) 100vw, 150px\" \/>\t\t\t\t\t\t\t\t\t\t\t\t\t\t\t<\/div>\n\t\t\t\t<\/div>\n\t\t\t\t<div class=\"elementor-element elementor-element-c3c1260 elementor-widget elementor-widget-spacer\" data-id=\"c3c1260\" data-element_type=\"widget\" data-e-type=\"widget\" data-widget_type=\"spacer.default\">\n\t\t\t\t\t\t\t<div class=\"elementor-spacer\">\n\t\t\t<div class=\"elementor-spacer-inner\"><\/div>\n\t\t<\/div>\n\t\t\t\t\t\t<\/div>\n\t\t\t\t\t<\/div>\n\t\t\t\t<\/div>\n\t\t\t\t<\/div>\n\t\t","protected":false},"excerpt":{"rendered":"<p>Objedn\u00e1vanie pacientov na vy\u0161etrenia Ortopedick\u00e1 ambulancia MUDr. Rahjou Saeed Objednat na vy\u0161etrenie TU Rehabilit\u00e1cia a fyzioterapia MUDr. Noskov\u00e1 Janette Objednat na vy\u0161etrenie TU Angiologick\u00e1 ambulancia MUDr. Mikuli\u010dov\u00e1 Eva Objednat na vy\u0161etrenie TU<\/p>\n","protected":false},"author":1,"featured_media":0,"parent":0,"menu_order":0,"comment_status":"closed","ping_status":"closed","template":"","meta":{"_monsterinsights_skip_tracking":false,"_monsterinsights_sitenote_active":false,"_monsterinsights_sitenote_note":"","_monsterinsights_sitenote_category":0,"_uf_show_specific_survey":0,"_uf_disable_surveys":false,"footnotes":""},"class_list":["post-5136","page","type-page","status-publish","hentry"],"aioseo_notices":[],"_links":{"self":[{"href":"https:\/\/www.mestskapoliklinikase.sk\/index.php?rest_route=\/wp\/v2\/pages\/5136","targetHints":{"allow":["GET"]}}],"collection":[{"href":"https:\/\/www.mestskapoliklinikase.sk\/index.php?rest_route=\/wp\/v2\/pages"}],"about":[{"href":"https:\/\/www.mestskapoliklinikase.sk\/index.php?rest_route=\/wp\/v2\/types\/page"}],"author":[{"embeddable":true,"href":"https:\/\/www.mestskapoliklinikase.sk\/index.php?rest_route=\/wp\/v2\/users\/1"}],"replies":[{"embeddable":true,"href":"https:\/\/www.mestskapoliklinikase.sk\/index.php?rest_route=%2Fwp%2Fv2%2Fcomments&post=5136"}],"version-history":[{"count":0,"href":"https:\/\/www.mestskapoliklinikase.sk\/index.php?rest_route=\/wp\/v2\/pages\/5136\/revisions"}],"wp:attachment":[{"href":"https:\/\/www.mestskapoliklinikase.sk\/index.php?rest_route=%2Fwp%2Fv2%2Fmedia&parent=5136"}],"curies":[{"name":"wp","href":"https:\/\/api.w.org\/{rel}","templated":true}]}}